{"id":1001,"date":"2025-05-22T16:03:15","date_gmt":"2025-05-22T14:03:15","guid":{"rendered":"https:\/\/lascasitasdecueva.com\/?page_id=1001"},"modified":"2025-06-11T10:16:32","modified_gmt":"2025-06-11T08:16:32","slug":"el-jardin-de-las-casitas","status":"publish","type":"page","link":"https:\/\/lascasitasdecueva.com\/en\/el-jardin-de-las-casitas\/","title":{"rendered":"El jard\u00edn de las Casitas"},"content":{"rendered":"\t\t<div data-elementor-type=\"wp-page\" data-elementor-id=\"1001\" class=\"elementor elementor-1001\" data-elementor-post-type=\"page\">\n\t\t\t\t<div class=\"elementor-element elementor-element-73ef158 e-flex e-con-boxed e-con e-parent\" data-id=\"73ef158\" data-element_type=\"container\" data-e-type=\"container\" data-settings=\"{&quot;background_background&quot;:&quot;classic&quot;}\">\n\t\t\t\t\t<div class=\"e-con-inner\">\n\t\t\t\t<div class=\"elementor-element elementor-element-7f7c405 elementor-widget elementor-widget-heading\" data-id=\"7f7c405\" data-element_type=\"widget\" data-e-type=\"widget\" data-widget_type=\"heading.default\">\n\t\t\t\t<div class=\"elementor-widget-container\">\n\t\t\t\t\t<h1 class=\"elementor-heading-title elementor-size-default\"><span class=\"av-font-italic\">The Garden<\/span> of Las Casitas de Cueva<\/h1>\t\t\t\t<\/div>\n\t\t\t\t<\/div>\n\t\t\t\t<div class=\"elementor-element elementor-element-36ae01a elementor-widget elementor-widget-button\" data-id=\"36ae01a\" data-element_type=\"widget\" data-e-type=\"widget\" data-widget_type=\"button.default\">\n\t\t\t\t<div class=\"elementor-widget-container\">\n\t\t\t\t\t\t\t\t\t<div class=\"elementor-button-wrapper\">\n\t\t\t\t\t<a class=\"elementor-button elementor-button-link elementor-size-sm\" href=\"https:\/\/booking.avirato.com\/?code=1629130&#038;lang=en\" target=\"_blank\">\n\t\t\t\t\t\t<span class=\"elementor-button-content-wrapper\">\n\t\t\t\t\t\t\t\t\t<span class=\"elementor-button-text\">Book at the Best Price<\/span>\n\t\t\t\t\t<\/span>\n\t\t\t\t\t<\/a>\n\t\t\t\t<\/div>\n\t\t\t\t\t\t\t\t<\/div>\n\t\t\t\t<\/div>\n\t\t\t\t\t<\/div>\n\t\t\t\t<\/div>\n\t\t<div class=\"elementor-element elementor-element-c33b3ed e-flex e-con-boxed e-con e-parent\" data-id=\"c33b3ed\" data-element_type=\"container\" data-e-type=\"container\">\n\t\t\t\t\t<div class=\"e-con-inner\">\n\t\t<div class=\"elementor-element elementor-element-490128a e-con-full e-flex e-con e-child\" data-id=\"490128a\" data-element_type=\"container\" data-e-type=\"container\">\n\t\t\t\t<div class=\"elementor-element elementor-element-03aeda6 elementor-widget elementor-widget-image\" data-id=\"03aeda6\" data-element_type=\"widget\" data-e-type=\"widget\" data-widget_type=\"image.default\">\n\t\t\t\t<div class=\"elementor-widget-container\">\n\t\t\t\t\t\t\t\t\t\t\t\t\t\t\t<img fetchpriority=\"high\" decoding=\"async\" width=\"1000\" height=\"1333\" src=\"https:\/\/lascasitasdecueva.com\/en\/wp-content\/uploads\/sites\/4\/Barbacoa-en-el-jardin-de-las-casitas-de-Cueva-Burgos.webp\" class=\"attachment-large size-large wp-image-1026\" alt=\"Barbacoa en el jard\u00edn de las casitas de Cueva Burgos\" srcset=\"https:\/\/lascasitasdecueva.com\/en\/wp-content\/uploads\/sites\/4\/Barbacoa-en-el-jardin-de-las-casitas-de-Cueva-Burgos.webp 1000w, https:\/\/lascasitasdecueva.com\/en\/wp-content\/uploads\/sites\/4\/Barbacoa-en-el-jardin-de-las-casitas-de-Cueva-Burgos-768x1024.webp 768w\" sizes=\"(max-width: 1000px) 100vw, 1000px\" \/>\t\t\t\t\t\t\t\t\t\t\t\t\t\t\t<\/div>\n\t\t\t\t<\/div>\n\t\t\t\t<\/div>\n\t\t<div class=\"elementor-element elementor-element-d96c26a e-con-full e-flex e-con e-child\" data-id=\"d96c26a\" data-element_type=\"container\" data-e-type=\"container\">\n\t\t\t\t<div class=\"elementor-element elementor-element-813ada7 elementor-widget elementor-widget-heading\" data-id=\"813ada7\" data-element_type=\"widget\" data-e-type=\"widget\" data-widget_type=\"heading.default\">\n\t\t\t\t<div class=\"elementor-widget-container\">\n\t\t\t\t\t<h2 class=\"elementor-heading-title elementor-size-default\">Barbecue in the <span class=\"av-font-italic\">garden<\/span> of Las Casitas de Cueva<\/h2>\t\t\t\t<\/div>\n\t\t\t\t<\/div>\n\t\t\t\t<div class=\"elementor-element elementor-element-609a641 elementor-widget elementor-widget-text-editor\" data-id=\"609a641\" data-element_type=\"widget\" data-e-type=\"widget\" data-widget_type=\"text-editor.default\">\n\t\t\t\t<div class=\"elementor-widget-container\">\n\t\t\t\t\t\t\t\t\t<p style=\"text-align: justify;\" data-start=\"139\" data-end=\"519\">At the heart of the garden, surrounded by nature and overlooking the rural landscape, you\u2019ll find a <strong>fully equipped communal barbecue<\/strong> area\u2014designed for relaxed outdoor dining in good company.<br data-start=\"333\" data-end=\"336\" \/>Shared among the four cottages, this space has been thoughtfully arranged to offer a welcoming and comfortable experience, perfect for preparing and enjoying meals under the open sky.<\/p><p style=\"text-align: justify;\" data-start=\"521\" data-end=\"845\">The barbecue area includes everything you need: a large grill, a sink with running water, essential cooking utensils, a food preparation zone, and a spacious table with benches for al fresco dining.<br data-start=\"719\" data-end=\"722\" \/>It is all set beneath a charming pergola that provides shade during the day and creates a cozy atmosphere as evening falls.<\/p><p style=\"text-align: justify;\" data-start=\"847\" data-end=\"998\">Perfect for family gatherings or get-togethers with friends, this shared space invites you to enjoy special moments in a peaceful, natural setting.<\/p>\t\t\t\t\t\t\t\t<\/div>\n\t\t\t\t<\/div>\n\t\t\t\t<div class=\"elementor-element elementor-element-ae560d8 elementor-widget elementor-widget-button\" data-id=\"ae560d8\" data-element_type=\"widget\" data-e-type=\"widget\" data-widget_type=\"button.default\">\n\t\t\t\t<div class=\"elementor-widget-container\">\n\t\t\t\t\t\t\t\t\t<div class=\"elementor-button-wrapper\">\n\t\t\t\t\t<a class=\"elementor-button elementor-button-link elementor-size-sm elementor-animation-grow\" href=\"https:\/\/booking.avirato.com\/?code=1629130\" target=\"_blank\">\n\t\t\t\t\t\t<span class=\"elementor-button-content-wrapper\">\n\t\t\t\t\t\t\t\t\t<span class=\"elementor-button-text\">Book Your Stay Now<\/span>\n\t\t\t\t\t<\/span>\n\t\t\t\t\t<\/a>\n\t\t\t\t<\/div>\n\t\t\t\t\t\t\t\t<\/div>\n\t\t\t\t<\/div>\n\t\t\t\t<\/div>\n\t\t\t\t\t<\/div>\n\t\t\t\t<\/div>\n\t\t\t\t<\/div>\n\t\t","protected":false},"excerpt":{"rendered":"<p>The Garden of Las Casitas de Cueva Book at the Best Price Barbecue in the garden of Las Casitas de Cueva At the heart of the garden, surrounded by nature and overlooking the rural landscape, you\u2019ll find a fully equipped communal barbecue area\u2014designed for relaxed outdoor dining in good company.Shared among the four cottages, this [&hellip;]<\/p>\n","protected":false},"author":1,"featured_media":0,"parent":0,"menu_order":0,"comment_status":"closed","ping_status":"closed","template":"elementor_header_footer","meta":{"footnotes":""},"class_list":["post-1001","page","type-page","status-publish","hentry"],"yoast_head":"<!-- This site is optimized with the Yoast SEO plugin v27.4 - https:\/\/yoast.com\/product\/yoast-seo-wordpress\/ -->\n<title>El jard\u00edn de las Casitas - Las Casitas de Cueva ENG<\/title>\n<meta name=\"description\" content=\"En el coraz\u00f3n del jard\u00edn de las Casitas de Cueva, rodeado de naturaleza, se encuentra una barbacoa de uso com\u00fan totalmente equipada,\" \/>\n<meta name=\"robots\" content=\"index, follow, max-snippet:-1, max-image-preview:large, max-video-preview:-1\" \/>\n<link rel=\"canonical\" href=\"https:\/\/lascasitasdecueva.com\/en\/el-jardin-de-las-casitas\/\" \/>\n<meta property=\"og:locale\" content=\"es_ES\" \/>\n<meta property=\"og:type\" content=\"article\" \/>\n<meta property=\"og:title\" content=\"El jard\u00edn de las Casitas - Las Casitas de Cueva ENG\" \/>\n<meta property=\"og:description\" content=\"En el coraz\u00f3n del jard\u00edn de las Casitas de Cueva, rodeado de naturaleza, se encuentra una barbacoa de uso com\u00fan totalmente equipada,\" \/>\n<meta property=\"og:url\" content=\"https:\/\/lascasitasdecueva.com\/en\/el-jardin-de-las-casitas\/\" \/>\n<meta property=\"og:site_name\" content=\"Las Casitas de Cueva ENG\" \/>\n<meta property=\"article:modified_time\" content=\"2025-06-11T08:16:32+00:00\" \/>\n<meta property=\"og:image\" content=\"https:\/\/lascasitasdecueva.com\/en\/wp-content\/uploads\/sites\/4\/Barbacoa-en-el-jardin-de-las-casitas-de-Cueva-Burgos.webp\" \/>\n<meta name=\"twitter:card\" content=\"summary_large_image\" \/>\n<meta name=\"twitter:label1\" content=\"Tiempo de lectura\" \/>\n\t<meta name=\"twitter:data1\" content=\"1 minuto\" \/>\n<script type=\"application\/ld+json\" class=\"yoast-schema-graph\">{\"@context\":\"https:\\\/\\\/schema.org\",\"@graph\":[{\"@type\":\"WebPage\",\"@id\":\"https:\\\/\\\/lascasitasdecueva.com\\\/en\\\/el-jardin-de-las-casitas\\\/\",\"url\":\"https:\\\/\\\/lascasitasdecueva.com\\\/en\\\/el-jardin-de-las-casitas\\\/\",\"name\":\"El jard\u00edn de las Casitas - Las Casitas de Cueva ENG\",\"isPartOf\":{\"@id\":\"https:\\\/\\\/lascasitasdecueva.com\\\/en\\\/#website\"},\"primaryImageOfPage\":{\"@id\":\"https:\\\/\\\/lascasitasdecueva.com\\\/en\\\/el-jardin-de-las-casitas\\\/#primaryimage\"},\"image\":{\"@id\":\"https:\\\/\\\/lascasitasdecueva.com\\\/en\\\/el-jardin-de-las-casitas\\\/#primaryimage\"},\"thumbnailUrl\":\"https:\\\/\\\/lascasitasdecueva.com\\\/en\\\/wp-content\\\/uploads\\\/sites\\\/4\\\/Barbacoa-en-el-jardin-de-las-casitas-de-Cueva-Burgos.webp\",\"datePublished\":\"2025-05-22T14:03:15+00:00\",\"dateModified\":\"2025-06-11T08:16:32+00:00\",\"description\":\"En el coraz\u00f3n del jard\u00edn de las Casitas de Cueva, rodeado de naturaleza, se encuentra una barbacoa de uso com\u00fan totalmente equipada,\",\"breadcrumb\":{\"@id\":\"https:\\\/\\\/lascasitasdecueva.com\\\/en\\\/el-jardin-de-las-casitas\\\/#breadcrumb\"},\"inLanguage\":\"es\",\"potentialAction\":[{\"@type\":\"ReadAction\",\"target\":[\"https:\\\/\\\/lascasitasdecueva.com\\\/en\\\/el-jardin-de-las-casitas\\\/\"]}]},{\"@type\":\"ImageObject\",\"inLanguage\":\"es\",\"@id\":\"https:\\\/\\\/lascasitasdecueva.com\\\/en\\\/el-jardin-de-las-casitas\\\/#primaryimage\",\"url\":\"https:\\\/\\\/lascasitasdecueva.com\\\/en\\\/wp-content\\\/uploads\\\/sites\\\/4\\\/Barbacoa-en-el-jardin-de-las-casitas-de-Cueva-Burgos.webp\",\"contentUrl\":\"https:\\\/\\\/lascasitasdecueva.com\\\/en\\\/wp-content\\\/uploads\\\/sites\\\/4\\\/Barbacoa-en-el-jardin-de-las-casitas-de-Cueva-Burgos.webp\",\"width\":1000,\"height\":1333,\"caption\":\"Barbacoa en el jard\u00edn de las casitas de Cueva Burgos\"},{\"@type\":\"BreadcrumbList\",\"@id\":\"https:\\\/\\\/lascasitasdecueva.com\\\/en\\\/el-jardin-de-las-casitas\\\/#breadcrumb\",\"itemListElement\":[{\"@type\":\"ListItem\",\"position\":1,\"name\":\"Portada\",\"item\":\"https:\\\/\\\/lascasitasdecueva.com\\\/en\\\/\"},{\"@type\":\"ListItem\",\"position\":2,\"name\":\"El jard\u00edn de las Casitas\"}]},{\"@type\":\"WebSite\",\"@id\":\"https:\\\/\\\/lascasitasdecueva.com\\\/en\\\/#website\",\"url\":\"https:\\\/\\\/lascasitasdecueva.com\\\/en\\\/\",\"name\":\"Las Casitas de Cueva ENG\",\"description\":\"Accommodation in the Merindades region\",\"publisher\":{\"@id\":\"https:\\\/\\\/lascasitasdecueva.com\\\/en\\\/#organization\"},\"potentialAction\":[{\"@type\":\"SearchAction\",\"target\":{\"@type\":\"EntryPoint\",\"urlTemplate\":\"https:\\\/\\\/lascasitasdecueva.com\\\/en\\\/?s={search_term_string}\"},\"query-input\":{\"@type\":\"PropertyValueSpecification\",\"valueRequired\":true,\"valueName\":\"search_term_string\"}}],\"inLanguage\":\"es\"},{\"@type\":\"Organization\",\"@id\":\"https:\\\/\\\/lascasitasdecueva.com\\\/en\\\/#organization\",\"name\":\"Las Casitas de Cueva ENG\",\"url\":\"https:\\\/\\\/lascasitasdecueva.com\\\/en\\\/\",\"logo\":{\"@type\":\"ImageObject\",\"inLanguage\":\"es\",\"@id\":\"https:\\\/\\\/lascasitasdecueva.com\\\/en\\\/#\\\/schema\\\/logo\\\/image\\\/\",\"url\":\"https:\\\/\\\/lascasitasdecueva.com\\\/en\\\/wp-content\\\/uploads\\\/sites\\\/4\\\/Logo-Las-casitas-de-cueva.webp\",\"contentUrl\":\"https:\\\/\\\/lascasitasdecueva.com\\\/en\\\/wp-content\\\/uploads\\\/sites\\\/4\\\/Logo-Las-casitas-de-cueva.webp\",\"width\":1300,\"height\":1024,\"caption\":\"Las Casitas de Cueva ENG\"},\"image\":{\"@id\":\"https:\\\/\\\/lascasitasdecueva.com\\\/en\\\/#\\\/schema\\\/logo\\\/image\\\/\"}}]}<\/script>\n<!-- \/ Yoast SEO plugin. -->","yoast_head_json":{"title":"El jard\u00edn de las Casitas - Las Casitas de Cueva ENG","description":"En el coraz\u00f3n del jard\u00edn de las Casitas de Cueva, rodeado de naturaleza, se encuentra una barbacoa de uso com\u00fan totalmente equipada,","robots":{"index":"index","follow":"follow","max-snippet":"max-snippet:-1","max-image-preview":"max-image-preview:large","max-video-preview":"max-video-preview:-1"},"canonical":"https:\/\/lascasitasdecueva.com\/en\/el-jardin-de-las-casitas\/","og_locale":"es_ES","og_type":"article","og_title":"El jard\u00edn de las Casitas - Las Casitas de Cueva ENG","og_description":"En el coraz\u00f3n del jard\u00edn de las Casitas de Cueva, rodeado de naturaleza, se encuentra una barbacoa de uso com\u00fan totalmente equipada,","og_url":"https:\/\/lascasitasdecueva.com\/en\/el-jardin-de-las-casitas\/","og_site_name":"Las Casitas de Cueva ENG","article_modified_time":"2025-06-11T08:16:32+00:00","og_image":[{"url":"https:\/\/lascasitasdecueva.com\/en\/wp-content\/uploads\/sites\/4\/Barbacoa-en-el-jardin-de-las-casitas-de-Cueva-Burgos.webp","type":"","width":"","height":""}],"twitter_card":"summary_large_image","twitter_misc":{"Tiempo de lectura":"1 minuto"},"schema":{"@context":"https:\/\/schema.org","@graph":[{"@type":"WebPage","@id":"https:\/\/lascasitasdecueva.com\/en\/el-jardin-de-las-casitas\/","url":"https:\/\/lascasitasdecueva.com\/en\/el-jardin-de-las-casitas\/","name":"El jard\u00edn de las Casitas - Las Casitas de Cueva ENG","isPartOf":{"@id":"https:\/\/lascasitasdecueva.com\/en\/#website"},"primaryImageOfPage":{"@id":"https:\/\/lascasitasdecueva.com\/en\/el-jardin-de-las-casitas\/#primaryimage"},"image":{"@id":"https:\/\/lascasitasdecueva.com\/en\/el-jardin-de-las-casitas\/#primaryimage"},"thumbnailUrl":"https:\/\/lascasitasdecueva.com\/en\/wp-content\/uploads\/sites\/4\/Barbacoa-en-el-jardin-de-las-casitas-de-Cueva-Burgos.webp","datePublished":"2025-05-22T14:03:15+00:00","dateModified":"2025-06-11T08:16:32+00:00","description":"En el coraz\u00f3n del jard\u00edn de las Casitas de Cueva, rodeado de naturaleza, se encuentra una barbacoa de uso com\u00fan totalmente equipada,","breadcrumb":{"@id":"https:\/\/lascasitasdecueva.com\/en\/el-jardin-de-las-casitas\/#breadcrumb"},"inLanguage":"es","potentialAction":[{"@type":"ReadAction","target":["https:\/\/lascasitasdecueva.com\/en\/el-jardin-de-las-casitas\/"]}]},{"@type":"ImageObject","inLanguage":"es","@id":"https:\/\/lascasitasdecueva.com\/en\/el-jardin-de-las-casitas\/#primaryimage","url":"https:\/\/lascasitasdecueva.com\/en\/wp-content\/uploads\/sites\/4\/Barbacoa-en-el-jardin-de-las-casitas-de-Cueva-Burgos.webp","contentUrl":"https:\/\/lascasitasdecueva.com\/en\/wp-content\/uploads\/sites\/4\/Barbacoa-en-el-jardin-de-las-casitas-de-Cueva-Burgos.webp","width":1000,"height":1333,"caption":"Barbacoa en el jard\u00edn de las casitas de Cueva Burgos"},{"@type":"BreadcrumbList","@id":"https:\/\/lascasitasdecueva.com\/en\/el-jardin-de-las-casitas\/#breadcrumb","itemListElement":[{"@type":"ListItem","position":1,"name":"Portada","item":"https:\/\/lascasitasdecueva.com\/en\/"},{"@type":"ListItem","position":2,"name":"El jard\u00edn de las Casitas"}]},{"@type":"WebSite","@id":"https:\/\/lascasitasdecueva.com\/en\/#website","url":"https:\/\/lascasitasdecueva.com\/en\/","name":"Las Casitas de Cueva ENG","description":"Accommodation in the Merindades region","publisher":{"@id":"https:\/\/lascasitasdecueva.com\/en\/#organization"},"potentialAction":[{"@type":"SearchAction","target":{"@type":"EntryPoint","urlTemplate":"https:\/\/lascasitasdecueva.com\/en\/?s={search_term_string}"},"query-input":{"@type":"PropertyValueSpecification","valueRequired":true,"valueName":"search_term_string"}}],"inLanguage":"es"},{"@type":"Organization","@id":"https:\/\/lascasitasdecueva.com\/en\/#organization","name":"Las Casitas de Cueva ENG","url":"https:\/\/lascasitasdecueva.com\/en\/","logo":{"@type":"ImageObject","inLanguage":"es","@id":"https:\/\/lascasitasdecueva.com\/en\/#\/schema\/logo\/image\/","url":"https:\/\/lascasitasdecueva.com\/en\/wp-content\/uploads\/sites\/4\/Logo-Las-casitas-de-cueva.webp","contentUrl":"https:\/\/lascasitasdecueva.com\/en\/wp-content\/uploads\/sites\/4\/Logo-Las-casitas-de-cueva.webp","width":1300,"height":1024,"caption":"Las Casitas de Cueva ENG"},"image":{"@id":"https:\/\/lascasitasdecueva.com\/en\/#\/schema\/logo\/image\/"}}]}},"_links":{"self":[{"href":"https:\/\/lascasitasdecueva.com\/en\/wp-json\/wp\/v2\/pages\/1001","targetHints":{"allow":["GET"]}}],"collection":[{"href":"https:\/\/lascasitasdecueva.com\/en\/wp-json\/wp\/v2\/pages"}],"about":[{"href":"https:\/\/lascasitasdecueva.com\/en\/wp-json\/wp\/v2\/types\/page"}],"author":[{"embeddable":true,"href":"https:\/\/lascasitasdecueva.com\/en\/wp-json\/wp\/v2\/users\/1"}],"replies":[{"embeddable":true,"href":"https:\/\/lascasitasdecueva.com\/en\/wp-json\/wp\/v2\/comments?post=1001"}],"version-history":[{"count":53,"href":"https:\/\/lascasitasdecueva.com\/en\/wp-json\/wp\/v2\/pages\/1001\/revisions"}],"predecessor-version":[{"id":1444,"href":"https:\/\/lascasitasdecueva.com\/en\/wp-json\/wp\/v2\/pages\/1001\/revisions\/1444"}],"wp:attachment":[{"href":"https:\/\/lascasitasdecueva.com\/en\/wp-json\/wp\/v2\/media?parent=1001"}],"curies":[{"name":"wp","href":"https:\/\/api.w.org\/{rel}","templated":true}]}}